{"id":197,"date":"2018-11-01T12:28:04","date_gmt":"2018-11-01T11:28:04","guid":{"rendered":"http:\/\/prokind.d4rc.net\/pk\/?page_id=197"},"modified":"2025-07-19T09:34:23","modified_gmt":"2025-07-19T07:34:23","slug":"unser-team","status":"publish","type":"page","link":"https:\/\/prokind.or.at\/pk\/index.php\/unser-team\/","title":{"rendered":"Unser Team"},"content":{"rendered":"\t\t<div data-elementor-type=\"wp-page\" data-elementor-id=\"197\" class=\"elementor elementor-197\">\n\t\t\t\t\t\t<section class=\"elementor-section elementor-top-section elementor-element elementor-element-28a56786 elementor-section-boxed elementor-section-height-default elementor-section-height-default\" data-id=\"28a56786\" data-element_type=\"section\" data-e-type=\"section\">\n\t\t\t\t\t\t<div class=\"elementor-container elementor-column-gap-default\">\n\t\t\t\t\t<div class=\"elementor-column elementor-col-100 elementor-top-column elementor-element elementor-element-41afbd6c\" data-id=\"41afbd6c\" data-element_type=\"column\" data-e-type=\"column\">\n\t\t\t<div class=\"elementor-widget-wrap elementor-element-populated\">\n\t\t\t\t\t\t<div class=\"elementor-element elementor-element-4d20651b elementor-widget elementor-widget-text-editor\" data-id=\"4d20651b\" data-element_type=\"widget\" data-e-type=\"widget\" data-widget_type=\"text-editor.default\">\n\t\t\t\t<div class=\"elementor-widget-container\">\n\t\t\t\t\t\t\t\t\t<h2><em><strong>Was uns verbindet:<\/strong><\/em><\/h2>\n<h3>Die Leidenschaft zum Segeln und der Wunsch unser Gl\u00fcck weitergeben zu k\u00f6nnen schwei\u00dft uns als Team zusammen.<\/h3>\n<h3>\u201eWir freuen uns, immer wieder auf\u2018s Neue mit den Kids ein St\u00fcck ihres Lebensweges gehen zu d\u00fcrfen. Kleine Dinge werden wieder gro\u00df, vieles relativiert sich und daf\u00fcr sind wir den Kindern sehr dankbar.\u201c<\/h3>\n<h4><strong>Vereinsvorstand:<\/strong><\/h4>\n<p><\/p>\n<p><\/p>\n<figure><img decoding=\"async\" class=\"aligncenter\" src=\"http:\/\/prokind.or.at\/pk\/wp-content\/uploads\/2025\/07\/DSC05648-2-scaled-e1751819352577-150x150.jpg\" alt=\"\" width=\"150\" height=\"150\" \/>\n<p>\u00a0<\/p>\n<p style=\"text-align: center;\"><span style=\"color: #000000;\">Reisenbichler Erich<\/span><\/p>\n<p style=\"text-align: center;\"><span style=\"color: #000000;\"> Obmann &amp; Skipper<\/span><\/p>\n<p style=\"text-align: center;\"><span style=\"color: #000000;\">\u00a0<\/span><\/p>\n<\/figure>\n<p style=\"text-align: center;\"><\/p>\n<figure><img decoding=\"async\" class=\"aligncenter\" src=\"http:\/\/prokind.or.at\/pk\/wp-content\/uploads\/2025\/07\/DSC05644-scaled-e1751819421756-150x150.jpg\" alt=\"\" width=\"150\" height=\"150\" \/>\n<p>\u00a0<\/p>\n<p style=\"text-align: center;\"><span style=\"color: #000000;\">Reisenbichler Christine<\/span><\/p>\n<p style=\"text-align: center;\"><span style=\"color: #000000;\">Obmann Stellvertreterin &amp;<\/span><\/p>\n<p style=\"text-align: center;\"><span style=\"color: #000000;\">Skipperin<\/span><\/p>\n<figcaption><span style=\"color: #000000;\">\u00a0<\/span><\/figcaption>\n<\/figure>\n<p style=\"text-align: center;\"><\/p>\n<figure><img decoding=\"async\" src=\"http:\/\/prokind.or.at\/pk\/wp-content\/uploads\/2025\/07\/DSC05663-2-scaled-e1751819475852-150x150.jpg\" alt=\"\" width=\"150\" height=\"150\" \/>\n<p>\u00a0<\/p>\n<p style=\"text-align: center;\"><span style=\"color: #000000;\">Grad Markus<\/span><\/p>\n<p style=\"text-align: center;\"><span style=\"color: #000000;\">Obmann Stellvertreter,<\/span><\/p>\n<p style=\"text-align: center;\"><span style=\"color: #000000;\">Skipper &amp;<\/span><\/p>\n<p style=\"text-align: center;\"><span style=\"color: #000000;\">Sozialp\u00e4dagoge<\/span><\/p>\n<figcaption><span style=\"color: #000000;\">\u00a0<\/span><\/figcaption>\n<\/figure>\n<p style=\"text-align: center;\"><\/p>\n<figure><img loading=\"lazy\" decoding=\"async\" src=\"http:\/\/prokind.or.at\/pk\/wp-content\/uploads\/2025\/07\/DSC05637-scaled-e1751819854414-150x150.jpg\" alt=\"\" width=\"150\" height=\"150\" \/>\n<p>\u00a0<\/p>\n<p style=\"text-align: center;\"><span style=\"color: #000000;\">Nestelberger Dietmar<\/span><\/p>\n<p style=\"text-align: center;\"><span style=\"color: #000000;\">Schriftf\u00fchrer Stellvertreter &amp;<\/span><\/p>\n<p style=\"text-align: center;\"><span style=\"color: #000000;\">Skipper<\/span><\/p>\n<p style=\"text-align: center;\"><span style=\"color: #000000;\">\u00a0<\/span><\/p>\n\n<\/figure>\n<p style=\"text-align: center;\"><\/p>\n<figure><img loading=\"lazy\" decoding=\"async\" src=\"http:\/\/prokind.or.at\/pk\/wp-content\/uploads\/2025\/07\/DSC05650-2-1-scaled-e1751819906867-150x150.jpg\" alt=\"\" width=\"150\" height=\"150\" \/>\n<p>\u00a0<\/p>\n<p style=\"text-align: center;\"><span style=\"color: #000000;\">D\u00fcnwald Dominic<\/span><\/p>\n<p style=\"text-align: center;\"><span style=\"color: #000000;\"> Skipper<\/span><\/p>\n<p style=\"text-align: center;\"><span style=\"color: #000000;\">\u00a0<\/span><\/p>\n<p>\u00a0<\/p>\n<figcaption><img loading=\"lazy\" decoding=\"async\" class=\"aligncenter\" src=\"http:\/\/prokind.or.at\/pk\/wp-content\/uploads\/2025\/07\/DSC05643-2-scaled-e1751820042449-150x150.jpg\" alt=\"\" width=\"150\" height=\"150\" \/><span style=\"color: #000000;\">\u00a0 \u00a0 \u00a0 \u00a0 \u00a0 \u00a0 \u00a0 \u00a0 \u00a0 \u00a0 \u00a0 \u00a0 \u00a0 \u00a0 \u00a0 \u00a0 \u00a0 \u00a0 \u00a0 \u00a0 \u00a0 \u00a0 \u00a0 \u00a0 \u00a0 \u00a0 \u00a0 \u00a0 \u00a0 \u00a0 \u00a0 \u00a0 \u00a0 \u00a0 \u00a0 \u00a0 \u00a0 \u00a0 \u00a0 \u00a0 \u00a0 \u00a0 \u00a0 \u00a0 \u00a0 \u00a0 \u00a0 \u00a0 \u00a0 \u00a0 \u00a0 \u00a0 \u00a0 \u00a0 \u00a0 \u00a0 \u00a0 \u00a0 \u00a0 \u00a0 \u00a0 \u00a0 \u00a0 \u00a0 \u00a0 \u00a0 \u00a0 \u00a0 \u00a0 \u00a0 Reisenbichler Erich Junior <br \/><\/span><span style=\"color: #000000;\">\u00a0 \u00a0 \u00a0 \u00a0 \u00a0 \u00a0 \u00a0 \u00a0 \u00a0 \u00a0 \u00a0 \u00a0 \u00a0 \u00a0 \u00a0 \u00a0 \u00a0 \u00a0 \u00a0 \u00a0 \u00a0 \u00a0 \u00a0 \u00a0 \u00a0 \u00a0 \u00a0 \u00a0 \u00a0 \u00a0 \u00a0 \u00a0 \u00a0 \u00a0 \u00a0 \u00a0 \u00a0 \u00a0 \u00a0 \u00a0 \u00a0 \u00a0 \u00a0 \u00a0 \u00a0 \u00a0 \u00a0 \u00a0 \u00a0 \u00a0 \u00a0 \u00a0 \u00a0 \u00a0 \u00a0 \u00a0 \u00a0 \u00a0 \u00a0 \u00a0 \u00a0 \u00a0 \u00a0 \u00a0 \u00a0 \u00a0 \u00a0 \u00a0 \u00a0 \u00a0 Skipper<\/span><\/figcaption>\n<figcaption><span style=\"color: #000000;\">\u00a0<\/span><\/figcaption>\n<figcaption><span style=\"color: #000000;\">\u00a0<\/span><\/figcaption>\n<\/figure>\n<p style=\"text-align: center;\"><\/p>\n<figure><img loading=\"lazy\" decoding=\"async\" src=\"http:\/\/prokind.or.at\/pk\/wp-content\/uploads\/2025\/07\/DSC05655-2-scaled-e1751819638715-150x150.jpg\" alt=\"\" width=\"150\" height=\"150\" \/>\n<p>\u00a0<\/p>\n<p style=\"text-align: center;\"><span style=\"color: #000000;\">Schoi\u00dfwohl Elfriede<\/span><br \/><span style=\"color: #000000;\">Vereinskassiererin &amp; <\/span><br \/><span style=\"color: #000000;\">Betreuerin<\/span><\/p>\n<p style=\"text-align: center;\"><span style=\"color: #000000;\">\u00a0<\/span><\/p>\n<figcaption><img loading=\"lazy\" decoding=\"async\" class=\"aligncenter\" src=\"http:\/\/prokind.or.at\/pk\/wp-content\/uploads\/2025\/07\/DSC05639-2-scaled-e1751820719685-150x150.jpg\" alt=\"\" width=\"150\" height=\"150\" \/><span style=\"color: #000000;\">\u00a0 \u00a0 \u00a0 \u00a0 \u00a0 \u00a0 \u00a0 \u00a0 \u00a0 \u00a0 \u00a0 \u00a0 \u00a0 \u00a0 \u00a0 \u00a0 \u00a0 \u00a0 \u00a0 \u00a0 \u00a0 \u00a0 \u00a0 \u00a0 \u00a0 \u00a0 \u00a0 \u00a0 \u00a0 \u00a0 \u00a0 \u00a0 \u00a0 \u00a0 \u00a0 \u00a0 \u00a0 \u00a0 \u00a0 \u00a0 \u00a0 \u00a0 \u00a0 \u00a0 \u00a0 \u00a0 \u00a0 \u00a0 \u00a0 \u00a0 \u00a0 \u00a0 \u00a0 \u00a0 \u00a0 \u00a0 \u00a0 \u00a0 \u00a0 \u00a0 \u00a0 \u00a0 \u00a0 \u00a0 \u00a0 \u00a0 \u00a0 \u00a0 \u00a0 \u00a0 Lanzenbacher Daniela<\/span><br \/><span style=\"color: #000000;\"><span style=\"color: #000000;\">\u00a0 \u00a0 \u00a0 \u00a0 \u00a0 \u00a0 \u00a0 \u00a0 \u00a0 \u00a0 \u00a0 \u00a0 \u00a0 \u00a0 \u00a0 \u00a0 \u00a0 \u00a0 \u00a0 \u00a0 \u00a0 \u00a0 \u00a0 \u00a0 \u00a0 \u00a0 \u00a0 \u00a0 \u00a0 \u00a0 \u00a0 \u00a0 \u00a0 \u00a0 \u00a0 \u00a0 \u00a0 \u00a0 \u00a0 \u00a0 \u00a0 \u00a0 \u00a0 \u00a0 \u00a0 \u00a0 \u00a0 \u00a0 \u00a0 \u00a0 \u00a0 \u00a0 \u00a0 \u00a0 \u00a0 \u00a0 \u00a0 \u00a0 \u00a0 \u00a0 \u00a0 \u00a0 \u00a0 \u00a0 \u00a0 \u00a0 \u00a0 \u00a0 \u00a0 \u00a0 Betreuerin<\/span><\/span><\/figcaption>\n<figcaption><span style=\"color: #000000;\"><br \/><\/span>\n<p>\u00a0<\/p>\n<p><img loading=\"lazy\" decoding=\"async\" class=\"aligncenter\" src=\"http:\/\/prokind.or.at\/pk\/wp-content\/uploads\/2025\/07\/DSC05665-scaled-e1751820885493-150x150.jpg\" alt=\"\" width=\"150\" height=\"150\" \/><span style=\"color: #000000;\">\u00a0 \u00a0 \u00a0 \u00a0 \u00a0 \u00a0 \u00a0 \u00a0 \u00a0 \u00a0 \u00a0 \u00a0 \u00a0 \u00a0 \u00a0 \u00a0 \u00a0 \u00a0 \u00a0 \u00a0 \u00a0 \u00a0 \u00a0 \u00a0 \u00a0 \u00a0 \u00a0 \u00a0 \u00a0 \u00a0 \u00a0 \u00a0 \u00a0 \u00a0 \u00a0 \u00a0 \u00a0 \u00a0 \u00a0 \u00a0 \u00a0 \u00a0 \u00a0 \u00a0 \u00a0 \u00a0 \u00a0 \u00a0 \u00a0 \u00a0 \u00a0 \u00a0 \u00a0 \u00a0 \u00a0 \u00a0 \u00a0 \u00a0 \u00a0 \u00a0 \u00a0 \u00a0 \u00a0 \u00a0 \u00a0 \u00a0 \u00a0 \u00a0 \u00a0 \u00a0 Kaiser Marlene<\/span><br \/><span style=\"color: #000000;\">\u00a0 \u00a0 \u00a0 \u00a0 \u00a0 \u00a0 \u00a0 \u00a0 \u00a0 \u00a0 \u00a0 \u00a0 \u00a0 \u00a0 \u00a0 \u00a0 \u00a0 \u00a0 \u00a0 \u00a0 \u00a0 \u00a0 \u00a0 \u00a0 \u00a0 \u00a0 \u00a0 \u00a0 \u00a0 \u00a0 \u00a0 \u00a0 \u00a0 \u00a0 \u00a0 \u00a0 \u00a0 \u00a0 \u00a0 \u00a0 \u00a0 \u00a0 \u00a0 \u00a0 \u00a0 \u00a0 \u00a0 \u00a0 \u00a0 \u00a0 \u00a0 \u00a0 \u00a0 \u00a0 \u00a0 \u00a0 \u00a0 \u00a0 \u00a0 \u00a0 \u00a0 \u00a0 \u00a0 \u00a0 \u00a0 \u00a0 \u00a0 \u00a0 \u00a0 \u00a0 Sozialp\u00e4dagogin<\/span><\/p>\n<p><span style=\"color: #000000;\">\u00a0<\/span><\/p>\n<p><img loading=\"lazy\" decoding=\"async\" class=\"aligncenter\" src=\"http:\/\/prokind.or.at\/pk\/wp-content\/uploads\/2025\/07\/DSC05667-2-scaled-e1751820974908-150x150.jpg\" alt=\"\" width=\"150\" height=\"150\" \/><span style=\"color: #000000;\">\u00a0 \u00a0 \u00a0 \u00a0 \u00a0 \u00a0 \u00a0 \u00a0 \u00a0 \u00a0 \u00a0 \u00a0 \u00a0 \u00a0 \u00a0 \u00a0 \u00a0 \u00a0 \u00a0 \u00a0 \u00a0 \u00a0 \u00a0 \u00a0 \u00a0 \u00a0 \u00a0 \u00a0 \u00a0 \u00a0 \u00a0 \u00a0 \u00a0 \u00a0 \u00a0 \u00a0 \u00a0 \u00a0 \u00a0 \u00a0 \u00a0 \u00a0 \u00a0 \u00a0 \u00a0 \u00a0 \u00a0 \u00a0 \u00a0 \u00a0 \u00a0 \u00a0 \u00a0 \u00a0 \u00a0 \u00a0 \u00a0 \u00a0 \u00a0 \u00a0 \u00a0 \u00a0 \u00a0 \u00a0 \u00a0 \u00a0 \u00a0 \u00a0 \u00a0 \u00a0 Pfeiffer Celina<\/span><br \/><span style=\"color: #000000;\">\u00a0 \u00a0 \u00a0 \u00a0 \u00a0 \u00a0 \u00a0 \u00a0 \u00a0 \u00a0 \u00a0 \u00a0 \u00a0 \u00a0 \u00a0 \u00a0 \u00a0 \u00a0 \u00a0 \u00a0 \u00a0 \u00a0 \u00a0 \u00a0 \u00a0 \u00a0 \u00a0 \u00a0 \u00a0 \u00a0 \u00a0 \u00a0 \u00a0 \u00a0 \u00a0 \u00a0 \u00a0 \u00a0 \u00a0 \u00a0 \u00a0 \u00a0 \u00a0 \u00a0 \u00a0 \u00a0 \u00a0 \u00a0 \u00a0 \u00a0 \u00a0 \u00a0 \u00a0 \u00a0 \u00a0 \u00a0 \u00a0 \u00a0 \u00a0 \u00a0 \u00a0 \u00a0 \u00a0 \u00a0 \u00a0 \u00a0 \u00a0 \u00a0 \u00a0 \u00a0 Sozialp\u00e4dagogin<\/span><\/p>\n<p><span style=\"color: #000000;\">\u00a0<\/span><\/p>\n<\/figcaption>\n<figcaption>\n<figure><img loading=\"lazy\" decoding=\"async\" src=\"http:\/\/prokind.or.at\/pk\/wp-content\/uploads\/2018\/11\/IMG_3992.png\" alt=\"\" width=\"144\" height=\"180\" \/>\n<p>\u00a0<\/p>\n<p style=\"text-align: center;\"><span style=\"color: #000000;\">Panhuber &#8211; Haas Klaus<\/span><\/p>\n<figcaption><span style=\"color: #000000;\">\u00a0 \u00a0 \u00a0 \u00a0 \u00a0 \u00a0 \u00a0 \u00a0 \u00a0 \u00a0 \u00a0 \u00a0 \u00a0 \u00a0 \u00a0 \u00a0 \u00a0 \u00a0 \u00a0 \u00a0 \u00a0 \u00a0 \u00a0 \u00a0 \u00a0 \u00a0 \u00a0 \u00a0 \u00a0 \u00a0 \u00a0 \u00a0 \u00a0 \u00a0 \u00a0 \u00a0 \u00a0 \u00a0 \u00a0 \u00a0 \u00a0 \u00a0 \u00a0 \u00a0 \u00a0 \u00a0 \u00a0 \u00a0 \u00a0 \u00a0 \u00a0 \u00a0 \u00a0 \u00a0 \u00a0 \u00a0 \u00a0 \u00a0 \u00a0 \u00a0 \u00a0 \u00a0 \u00a0 \u00a0 \u00a0 \u00a0 \u00a0 \u00a0 \u00a0 \u00a0 \u00a0Skipper<\/span><br \/><span style=\"color: #000000;\">\u00a0 \u00a0 \u00a0 \u00a0 \u00a0 \u00a0 \u00a0 \u00a0 \u00a0 \u00a0 \u00a0 \u00a0 \u00a0 \u00a0 \u00a0 \u00a0 \u00a0 \u00a0 \u00a0 \u00a0 \u00a0 \u00a0 \u00a0 \u00a0 \u00a0 \u00a0 \u00a0 \u00a0 \u00a0 \u00a0 \u00a0 \u00a0 \u00a0 \u00a0 \u00a0 \u00a0 \u00a0 \u00a0 \u00a0 \u00a0 \u00a0 \u00a0 \u00a0 \u00a0 \u00a0 \u00a0 \u00a0 \u00a0 \u00a0 \u00a0 \u00a0 \u00a0 \u00a0 \u00a0 \u00a0 \u00a0 \u00a0 \u00a0 \u00a0 \u00a0 \u00a0 \u00a0 \u00a0 \u00a0 \u00a0 \u00a0 \u00a0 \u00a0 \u00a0 \u00a0\u00a0<\/span>\n<p>\u00a0<\/p>\n<\/figcaption>\n<figcaption><span style=\"color: #000000;\">\u00a0<\/span><\/figcaption>\n<\/figure>\n<figure><img loading=\"lazy\" decoding=\"async\" src=\"http:\/\/prokind.or.at\/pk\/wp-content\/uploads\/2018\/11\/DSC_0261.png\" alt=\"\" width=\"137\" height=\"192\" \/>\n<p>\u00a0<\/p>\n<p style=\"text-align: center;\"><span style=\"color: #000000;\">Gansch Reinhard<\/span><\/p>\n<figcaption><span style=\"color: #000000;\">\u00a0 \u00a0 \u00a0 \u00a0 \u00a0 \u00a0 \u00a0 \u00a0 \u00a0 \u00a0 \u00a0 \u00a0 \u00a0 \u00a0 \u00a0 \u00a0 \u00a0 \u00a0 \u00a0 \u00a0 \u00a0 \u00a0 \u00a0 \u00a0 \u00a0 \u00a0 \u00a0 \u00a0 \u00a0 \u00a0 \u00a0 \u00a0 \u00a0 \u00a0 \u00a0 \u00a0 \u00a0 \u00a0 \u00a0 \u00a0 \u00a0 \u00a0 \u00a0 \u00a0 \u00a0 \u00a0 \u00a0 \u00a0 \u00a0 \u00a0 \u00a0 \u00a0 \u00a0 \u00a0 \u00a0 \u00a0 \u00a0 \u00a0 \u00a0 \u00a0 \u00a0 \u00a0 \u00a0 \u00a0 \u00a0 \u00a0 \u00a0 \u00a0 \u00a0 \u00a0 \u00a0 \u00a0 \u00a0 Kassier Stellvertreter &amp; <\/span><br \/><span style=\"color: #000000;\">\u00a0 \u00a0 \u00a0 \u00a0 \u00a0 \u00a0 \u00a0 \u00a0 \u00a0 \u00a0 \u00a0 \u00a0 \u00a0 \u00a0 \u00a0 \u00a0 \u00a0 \u00a0 \u00a0 \u00a0 \u00a0 \u00a0 \u00a0 \u00a0 \u00a0 \u00a0 \u00a0 \u00a0 \u00a0 \u00a0 \u00a0 \u00a0 \u00a0 \u00a0 \u00a0 \u00a0 \u00a0 \u00a0 \u00a0 \u00a0 \u00a0 \u00a0 \u00a0 \u00a0 \u00a0 \u00a0 \u00a0 \u00a0 \u00a0 \u00a0 \u00a0 \u00a0 \u00a0 \u00a0 \u00a0 \u00a0 \u00a0 \u00a0 \u00a0 \u00a0 \u00a0 \u00a0 \u00a0 \u00a0 \u00a0 \u00a0 \u00a0 \u00a0 \u00a0 \u00a0 \u00a0 \u00a0 \u00a0 Skipper<\/span><\/figcaption>\n<figcaption><span style=\"color: #000000;\">\u00a0<\/span><\/figcaption>\n<\/figure>\n<\/figcaption>\n<\/figure>\n<p style=\"text-align: center;\"><\/p>\n<figure><img loading=\"lazy\" decoding=\"async\" class=\"aligncenter\" src=\"http:\/\/prokind.or.at\/pk\/wp-content\/uploads\/2018\/11\/CIMG2652r.png\" alt=\"\" width=\"134\" height=\"164\" \/>\n<p>\u00a0<\/p>\n<p style=\"text-align: center;\">\u00a0<\/p>\n<p style=\"text-align: center;\"><span style=\"color: #000000;\">Nenning Gerhard<\/span><\/p>\n<figcaption><span style=\"color: #000000;\">\u00a0 \u00a0 \u00a0 \u00a0 \u00a0 \u00a0 \u00a0 \u00a0 \u00a0 \u00a0 \u00a0 \u00a0 \u00a0 \u00a0 \u00a0 \u00a0 \u00a0 \u00a0 \u00a0 \u00a0 \u00a0 \u00a0 \u00a0 \u00a0 \u00a0 \u00a0 \u00a0 \u00a0 \u00a0 \u00a0 \u00a0 \u00a0 \u00a0 \u00a0 \u00a0 \u00a0 \u00a0 \u00a0 \u00a0 \u00a0 \u00a0 \u00a0 \u00a0 \u00a0 \u00a0 \u00a0 \u00a0 \u00a0 \u00a0 \u00a0 \u00a0 \u00a0 \u00a0 \u00a0 \u00a0 \u00a0 \u00a0 \u00a0 \u00a0 \u00a0 \u00a0 \u00a0 \u00a0 \u00a0 \u00a0 \u00a0 \u00a0 \u00a0 \u00a0 \u00a0 \u00a0 \u00a0 \u00a0 Vereinsschriftf\u00fchrer &amp; <\/span><br \/><span style=\"color: #000000;\"><span style=\"color: #000000;\">\u00a0 \u00a0 \u00a0 \u00a0 \u00a0 \u00a0 \u00a0 \u00a0 \u00a0 \u00a0 \u00a0 \u00a0 \u00a0 \u00a0 \u00a0 \u00a0 \u00a0 \u00a0 \u00a0 \u00a0 \u00a0 \u00a0 \u00a0 \u00a0 \u00a0 \u00a0 \u00a0 \u00a0 \u00a0 \u00a0 \u00a0 \u00a0 \u00a0 \u00a0 \u00a0 \u00a0 \u00a0 \u00a0 \u00a0 \u00a0 \u00a0 \u00a0 \u00a0 \u00a0 \u00a0 \u00a0 \u00a0 \u00a0 \u00a0 \u00a0 \u00a0 \u00a0 \u00a0 \u00a0 \u00a0 \u00a0 \u00a0 \u00a0 \u00a0 \u00a0 \u00a0 \u00a0 \u00a0 \u00a0 \u00a0 \u00a0 \u00a0 \u00a0 \u00a0 \u00a0 \u00a0 \u00a0 \u00a0 Betreuer<\/span><\/span>\n<p>\u00a0<\/p>\n<p>\u00a0<\/p>\n<\/figcaption>\n<figcaption><span style=\"color: #000000;\">\u00a0<\/span><\/figcaption>\n<\/figure>\n<p><\/p>\n<p><\/p>\n<h1 class=\"wp-block-heading\" style=\"text-align: center;\"><span style=\"color: #ff9900;\">Mannschaft 2025<\/span><\/h1>\n<p><\/p>\n<figure>\n<p><img loading=\"lazy\" decoding=\"async\" class=\"aligncenter\" src=\"http:\/\/prokind.or.at\/pk\/wp-content\/uploads\/2025\/07\/IMG-20250617-WA0070-1024x576.jpg\" alt=\"\" width=\"1024\" height=\"576\" \/><\/p>\n<figcaption>V<b><u>on hinten links beginnend:<\/u><\/b>\u00a0<span style=\"font-family: Roboto, sans-serif; font-size: 13px; font-style: normal; font-variant-ligatures: normal; font-variant-caps: normal; font-weight: 400;\">Marlene Kaiser,\u00a0<\/span><span style=\"font-family: Roboto, sans-serif; font-size: 13px; font-style: normal; font-variant-ligatures: normal; font-variant-caps: normal; font-weight: 400;\">Christine D\u00fcnwald Specht,<\/span><span style=\"font-family: Roboto, sans-serif; font-size: 13px; font-style: normal; font-variant-ligatures: normal; font-variant-caps: normal; font-weight: 400;\">\u00a0<\/span><span style=\"font-family: Roboto, sans-serif; font-size: 13px; font-style: normal; font-variant-ligatures: normal; font-variant-caps: normal; font-weight: 400;\">Dietmar Nestelberger, Elfriede Schoi\u00dfwohl,<\/span><span style=\"font-size: 13px;\">\u00a0Dominic D\u00fcnwald, Daniela Lanzenbacher, Erich Reisenbichler, Erich Reisenbichler Junior,\u00a0<\/span><\/figcaption>\n<figcaption><span style=\"font-size: 13px;\">V<b><u>orne: <\/u><\/b>Celina Pfeiffer, Markus Grad<\/span><\/figcaption>\n<\/figure>\n<p><\/p>\t\t\t\t\t\t\t\t<\/div>\n\t\t\t\t<\/div>\n\t\t\t\t\t<\/div>\n\t\t<\/div>\n\t\t\t\t\t<\/div>\n\t\t<\/section>\n\t\t\t\t<\/div>\n\t\t","protected":false},"excerpt":{"rendered":"<p>Was uns verbindet: Die Leidenschaft zum Segeln und der Wunsch unser Gl\u00fcck weitergeben zu k\u00f6nnen schwei\u00dft uns als Team zusammen. \u201eWir freuen uns, immer wieder auf\u2018s Neue mit den Kids ein St\u00fcck ihres Lebensweges gehen zu d\u00fcrfen. Kleine Dinge werden wieder gro\u00df, vieles relativiert sich und daf\u00fcr sind wir den Kindern sehr dankbar.\u201c Vereinsvorstand: Mannschaft [&hellip;]<\/p>\n","protected":false},"author":2,"featured_media":0,"parent":0,"menu_order":0,"comment_status":"closed","ping_status":"closed","template":"","meta":{"ocean_post_layout":"","ocean_both_sidebars_style":"","ocean_both_sidebars_content_width":0,"ocean_both_sidebars_sidebars_width":0,"ocean_sidebar":"0","ocean_second_sidebar":"0","ocean_disable_margins":"enable","ocean_add_body_class":"","ocean_shortcode_before_top_bar":"","ocean_shortcode_after_top_bar":"","ocean_shortcode_before_header":"","ocean_shortcode_after_header":"","ocean_has_shortcode":"","ocean_shortcode_after_title":"","ocean_shortcode_before_footer_widgets":"","ocean_shortcode_after_footer_widgets":"","ocean_shortcode_before_footer_bottom":"","ocean_shortcode_after_footer_bottom":"","ocean_display_top_bar":"default","ocean_display_header":"default","ocean_header_style":"","ocean_center_header_left_menu":"0","ocean_custom_header_template":"0","ocean_custom_logo":0,"ocean_custom_retina_logo":0,"ocean_custom_logo_max_width":0,"ocean_custom_logo_tablet_max_width":0,"ocean_custom_logo_mobile_max_width":0,"ocean_custom_logo_max_height":0,"ocean_custom_logo_tablet_max_height":0,"ocean_custom_logo_mobile_max_height":0,"ocean_header_custom_menu":"0","ocean_menu_typo_font_family":"0","ocean_menu_typo_font_subset":"","ocean_menu_typo_font_size":0,"ocean_menu_typo_font_size_tablet":0,"ocean_menu_typo_font_size_mobile":0,"ocean_menu_typo_font_size_unit":"px","ocean_menu_typo_font_weight":"","ocean_menu_typo_font_weight_tablet":"","ocean_menu_typo_font_weight_mobile":"","ocean_menu_typo_transform":"","ocean_menu_typo_transform_tablet":"","ocean_menu_typo_transform_mobile":"","ocean_menu_typo_line_height":0,"ocean_menu_typo_line_height_tablet":0,"ocean_menu_typo_line_height_mobile":0,"ocean_menu_typo_line_height_unit":"","ocean_menu_typo_spacing":0,"ocean_menu_typo_spacing_tablet":0,"ocean_menu_typo_spacing_mobile":0,"ocean_menu_typo_spacing_unit":"","ocean_menu_link_color":"","ocean_menu_link_color_hover":"","ocean_menu_link_color_active":"","ocean_menu_link_background":"","ocean_menu_link_hover_background":"","ocean_menu_link_active_background":"","ocean_menu_social_links_bg":"","ocean_menu_social_hover_links_bg":"","ocean_menu_social_links_color":"","ocean_menu_social_hover_links_color":"","ocean_disable_title":"default","ocean_disable_heading":"default","ocean_post_title":"","ocean_post_subheading":"","ocean_post_title_style":"","ocean_post_title_background_color":"","ocean_post_title_background":0,"ocean_post_title_bg_image_position":"","ocean_post_title_bg_image_attachment":"","ocean_post_title_bg_image_repeat":"","ocean_post_title_bg_image_size":"","ocean_post_title_height":0,"ocean_post_title_bg_overlay":0.5,"ocean_post_title_bg_overlay_color":"","ocean_disable_breadcrumbs":"default","ocean_breadcrumbs_color":"","ocean_breadcrumbs_separator_color":"","ocean_breadcrumbs_links_color":"","ocean_breadcrumbs_links_hover_color":"","ocean_display_footer_widgets":"default","ocean_display_footer_bottom":"default","ocean_custom_footer_template":"0","footnotes":""},"class_list":["post-197","page","type-page","status-publish","hentry","entry"],"_links":{"self":[{"href":"https:\/\/prokind.or.at\/pk\/index.php\/wp-json\/wp\/v2\/pages\/197","targetHints":{"allow":["GET"]}}],"collection":[{"href":"https:\/\/prokind.or.at\/pk\/index.php\/wp-json\/wp\/v2\/pages"}],"about":[{"href":"https:\/\/prokind.or.at\/pk\/index.php\/wp-json\/wp\/v2\/types\/page"}],"author":[{"embeddable":true,"href":"https:\/\/prokind.or.at\/pk\/index.php\/wp-json\/wp\/v2\/users\/2"}],"replies":[{"embeddable":true,"href":"https:\/\/prokind.or.at\/pk\/index.php\/wp-json\/wp\/v2\/comments?post=197"}],"version-history":[{"count":77,"href":"https:\/\/prokind.or.at\/pk\/index.php\/wp-json\/wp\/v2\/pages\/197\/revisions"}],"predecessor-version":[{"id":5104,"href":"https:\/\/prokind.or.at\/pk\/index.php\/wp-json\/wp\/v2\/pages\/197\/revisions\/5104"}],"wp:attachment":[{"href":"https:\/\/prokind.or.at\/pk\/index.php\/wp-json\/wp\/v2\/media?parent=197"}],"curies":[{"name":"wp","href":"https:\/\/api.w.org\/{rel}","templated":true}]}}