{"id":205,"date":"2018-11-01T12:27:58","date_gmt":"2018-11-01T11:27:58","guid":{"rendered":"http:\/\/prokind.d4rc.net\/pk\/?page_id=205"},"modified":"2022-08-25T19:44:13","modified_gmt":"2022-08-25T17:44:13","slug":"philosophie","status":"publish","type":"page","link":"https:\/\/prokind.or.at\/pk\/index.php\/philosophie\/","title":{"rendered":"Philosophie"},"content":{"rendered":"\t\t<div data-elementor-type=\"wp-page\" data-elementor-id=\"205\" class=\"elementor elementor-205\">\n\t\t\t\t\t\t<section class=\"elementor-section elementor-top-section elementor-element elementor-element-35945f15 elementor-section-boxed elementor-section-height-default elementor-section-height-default\" data-id=\"35945f15\" data-element_type=\"section\" data-e-type=\"section\">\n\t\t\t\t\t\t<div class=\"elementor-container elementor-column-gap-default\">\n\t\t\t\t\t<div class=\"elementor-column elementor-col-100 elementor-top-column elementor-element elementor-element-6ff68f5d\" data-id=\"6ff68f5d\" data-element_type=\"column\" data-e-type=\"column\">\n\t\t\t<div class=\"elementor-widget-wrap elementor-element-populated\">\n\t\t\t\t\t\t<div class=\"elementor-element elementor-element-4c7b63ba elementor-widget__width-inherit elementor-widget elementor-widget-text-editor\" data-id=\"4c7b63ba\" data-element_type=\"widget\" data-e-type=\"widget\" data-widget_type=\"text-editor.default\">\n\t\t\t\t<div class=\"elementor-widget-container\">\n\t\t\t\t\t\t\t\t\t<h2>\u00a0<\/h2><h2 class=\"h6\"><strong>Leits\u00e4tze:<\/strong><\/h2><h3><strong>Gemeinsam sind wir st\u00e4rker als alleine!<\/strong><br \/><strong>Gemeinsam meistern wir Meer, Wind und das Seglerleben!<\/strong><br \/><strong>Gemeinsam kommen wir erfolgreich ans Ziel!<\/strong><\/h3><p><img fetchpriority=\"high\" decoding=\"async\" class=\"alignnone wp-image-548 size-full\" src=\"http:\/\/prokind.or.at\/pk\/wp-content\/uploads\/2018\/11\/image250.jpg\" alt=\"\" width=\"600\" height=\"399\" srcset=\"https:\/\/prokind.or.at\/pk\/wp-content\/uploads\/2018\/11\/image250.jpg 600w, https:\/\/prokind.or.at\/pk\/wp-content\/uploads\/2018\/11\/image250-300x200.jpg 300w\" sizes=\"(max-width: 600px) 100vw, 600px\" \/><\/p><h2 class=\"h6\">Ziele:<\/h2><p>I<strong>m Kleinen beitragen zu Frieden, sozialer Integration, Toleranz und V\u00f6lker-verst\u00e4ndigung<\/strong>.<\/p><h2 class=\"h6\">Geschichte:<\/h2><h4>Der Verein ,,ProKind&#8220; wurde 2008 gegr\u00fcndet und ist eine private soziokulturelle NGO ohne Gewinninteressen. Ehrenamtlich organisiert unser Team aus \u00f6sterreichischen Skippern und Betreuern durch die gro\u00dfz\u00fcgige Unterst\u00fctzung von unterschiedlichsten Sponsoren und F\u00f6rderern jedes Jahr eine Woche Segelabenteuer f\u00fcr sozialbenachteiligte Kinder und Jugendliche in der kroatischen Adria. Bereits seit 2008 segelten wir j\u00e4hrlich unter dem Namen,,RBulls&#8220; (abgeleitet von unserem Hauptsponsor den Raiffeisenbanken N\u00d6) erfolgreich mit den ca. 100 Booten der <a class=\"link2\" href=\"http:\/\/www.mirnomore.org\/\">\u201eMirno More Friedensflotte\u201c.<\/a><\/h4><h4>Wir danken der ,, Mirno More Friedensflotteusammenarbeit und freuen uns seit 2011 unter eigener Flagge in See stechen zu k\u00f6nnen.<\/h4><h4>\u00a0<\/h4>\t\t\t\t\t\t\t\t<\/div>\n\t\t\t\t<\/div>\n\t\t\t\t\t<\/div>\n\t\t<\/div>\n\t\t\t\t\t<\/div>\n\t\t<\/section>\n\t\t\t\t<\/div>\n\t\t","protected":false},"excerpt":{"rendered":"<p>\u00a0 Leits\u00e4tze: Gemeinsam sind wir st\u00e4rker als alleine!Gemeinsam meistern wir Meer, Wind und das Seglerleben!Gemeinsam kommen wir erfolgreich ans Ziel! Ziele: Im Kleinen beitragen zu Frieden, sozialer Integration, Toleranz und V\u00f6lker-verst\u00e4ndigung. Geschichte: Der Verein ,,ProKind&#8220; wurde 2008 gegr\u00fcndet und ist eine private soziokulturelle NGO ohne Gewinninteressen. Ehrenamtlich organisiert unser Team aus \u00f6sterreichischen Skippern und Betreuern [&hellip;]<\/p>\n","protected":false},"author":2,"featured_media":0,"parent":0,"menu_order":0,"comment_status":"closed","ping_status":"closed","template":"","meta":{"ocean_post_layout":"","ocean_both_sidebars_style":"","ocean_both_sidebars_content_width":0,"ocean_both_sidebars_sidebars_width":0,"ocean_sidebar":"0","ocean_second_sidebar":"0","ocean_disable_margins":"enable","ocean_add_body_class":"","ocean_shortcode_before_top_bar":"","ocean_shortcode_after_top_bar":"","ocean_shortcode_before_header":"","ocean_shortcode_after_header":"","ocean_has_shortcode":"","ocean_shortcode_after_title":"","ocean_shortcode_before_footer_widgets":"","ocean_shortcode_after_footer_widgets":"","ocean_shortcode_before_footer_bottom":"","ocean_shortcode_after_footer_bottom":"","ocean_display_top_bar":"default","ocean_display_header":"default","ocean_header_style":"","ocean_center_header_left_menu":"0","ocean_custom_header_template":"0","ocean_custom_logo":0,"ocean_custom_retina_logo":0,"ocean_custom_logo_max_width":0,"ocean_custom_logo_tablet_max_width":0,"ocean_custom_logo_mobile_max_width":0,"ocean_custom_logo_max_height":0,"ocean_custom_logo_tablet_max_height":0,"ocean_custom_logo_mobile_max_height":0,"ocean_header_custom_menu":"0","ocean_menu_typo_font_family":"0","ocean_menu_typo_font_subset":"","ocean_menu_typo_font_size":0,"ocean_menu_typo_font_size_tablet":0,"ocean_menu_typo_font_size_mobile":0,"ocean_menu_typo_font_size_unit":"px","ocean_menu_typo_font_weight":"","ocean_menu_typo_font_weight_tablet":"","ocean_menu_typo_font_weight_mobile":"","ocean_menu_typo_transform":"","ocean_menu_typo_transform_tablet":"","ocean_menu_typo_transform_mobile":"","ocean_menu_typo_line_height":0,"ocean_menu_typo_line_height_tablet":0,"ocean_menu_typo_line_height_mobile":0,"ocean_menu_typo_line_height_unit":"","ocean_menu_typo_spacing":0,"ocean_menu_typo_spacing_tablet":0,"ocean_menu_typo_spacing_mobile":0,"ocean_menu_typo_spacing_unit":"","ocean_menu_link_color":"","ocean_menu_link_color_hover":"","ocean_menu_link_color_active":"","ocean_menu_link_background":"","ocean_menu_link_hover_background":"","ocean_menu_link_active_background":"","ocean_menu_social_links_bg":"","ocean_menu_social_hover_links_bg":"","ocean_menu_social_links_color":"","ocean_menu_social_hover_links_color":"","ocean_disable_title":"default","ocean_disable_heading":"default","ocean_post_title":"","ocean_post_subheading":"","ocean_post_title_style":"","ocean_post_title_background_color":"","ocean_post_title_background":0,"ocean_post_title_bg_image_position":"","ocean_post_title_bg_image_attachment":"","ocean_post_title_bg_image_repeat":"","ocean_post_title_bg_image_size":"","ocean_post_title_height":0,"ocean_post_title_bg_overlay":0.5,"ocean_post_title_bg_overlay_color":"","ocean_disable_breadcrumbs":"default","ocean_breadcrumbs_color":"","ocean_breadcrumbs_separator_color":"","ocean_breadcrumbs_links_color":"","ocean_breadcrumbs_links_hover_color":"","ocean_display_footer_widgets":"default","ocean_display_footer_bottom":"default","ocean_custom_footer_template":"0","footnotes":""},"class_list":["post-205","page","type-page","status-publish","hentry","entry"],"_links":{"self":[{"href":"https:\/\/prokind.or.at\/pk\/index.php\/wp-json\/wp\/v2\/pages\/205","targetHints":{"allow":["GET"]}}],"collection":[{"href":"https:\/\/prokind.or.at\/pk\/index.php\/wp-json\/wp\/v2\/pages"}],"about":[{"href":"https:\/\/prokind.or.at\/pk\/index.php\/wp-json\/wp\/v2\/types\/page"}],"author":[{"embeddable":true,"href":"https:\/\/prokind.or.at\/pk\/index.php\/wp-json\/wp\/v2\/users\/2"}],"replies":[{"embeddable":true,"href":"https:\/\/prokind.or.at\/pk\/index.php\/wp-json\/wp\/v2\/comments?post=205"}],"version-history":[{"count":19,"href":"https:\/\/prokind.or.at\/pk\/index.php\/wp-json\/wp\/v2\/pages\/205\/revisions"}],"predecessor-version":[{"id":2511,"href":"https:\/\/prokind.or.at\/pk\/index.php\/wp-json\/wp\/v2\/pages\/205\/revisions\/2511"}],"wp:attachment":[{"href":"https:\/\/prokind.or.at\/pk\/index.php\/wp-json\/wp\/v2\/media?parent=205"}],"curies":[{"name":"wp","href":"https:\/\/api.w.org\/{rel}","templated":true}]}}