{"id":4159,"date":"2024-09-26T21:43:37","date_gmt":"2024-09-26T19:43:37","guid":{"rendered":"https:\/\/prokind.or.at\/pk\/?page_id=4159"},"modified":"2024-09-26T22:00:42","modified_gmt":"2024-09-26T20:00:42","slug":"impressum","status":"publish","type":"page","link":"https:\/\/prokind.or.at\/pk\/index.php\/impressum\/","title":{"rendered":"Impressum"},"content":{"rendered":"\t\t<div data-elementor-type=\"wp-page\" data-elementor-id=\"4159\" class=\"elementor elementor-4159\">\n\t\t\t\t\t\t<section class=\"elementor-section elementor-top-section elementor-element elementor-element-8302658 elementor-section-boxed elementor-section-height-default elementor-section-height-default\" data-id=\"8302658\" data-element_type=\"section\" data-e-type=\"section\">\n\t\t\t\t\t\t<div class=\"elementor-container elementor-column-gap-default\">\n\t\t\t\t\t<div class=\"elementor-column elementor-col-100 elementor-top-column elementor-element elementor-element-1bf8ea6\" data-id=\"1bf8ea6\" data-element_type=\"column\" data-e-type=\"column\">\n\t\t\t<div class=\"elementor-widget-wrap elementor-element-populated\">\n\t\t\t\t\t\t<div class=\"elementor-element elementor-element-f68c02b elementor-widget elementor-widget-spacer\" data-id=\"f68c02b\" data-element_type=\"widget\" data-e-type=\"widget\" data-widget_type=\"spacer.default\">\n\t\t\t\t<div class=\"elementor-widget-container\">\n\t\t\t\t\t\t\t<div class=\"elementor-spacer\">\n\t\t\t<div class=\"elementor-spacer-inner\"><\/div>\n\t\t<\/div>\n\t\t\t\t\t\t<\/div>\n\t\t\t\t<\/div>\n\t\t\t\t<div class=\"elementor-element elementor-element-94d094d elementor-widget elementor-widget-heading\" data-id=\"94d094d\" data-element_type=\"widget\" data-e-type=\"widget\" data-widget_type=\"heading.default\">\n\t\t\t\t<div class=\"elementor-widget-container\">\n\t\t\t\t\t<h2 class=\"elementor-heading-title elementor-size-default\">\u00dcber uns:<\/h2>\t\t\t\t<\/div>\n\t\t\t\t<\/div>\n\t\t\t\t\t<\/div>\n\t\t<\/div>\n\t\t\t\t\t<\/div>\n\t\t<\/section>\n\t\t\t\t<section class=\"elementor-section elementor-top-section elementor-element elementor-element-cb448c1 elementor-section-boxed elementor-section-height-default elementor-section-height-default\" data-id=\"cb448c1\" data-element_type=\"section\" data-e-type=\"section\">\n\t\t\t\t\t\t<div class=\"elementor-container elementor-column-gap-default\">\n\t\t\t\t\t<div class=\"elementor-column elementor-col-100 elementor-top-column elementor-element elementor-element-7423531\" data-id=\"7423531\" data-element_type=\"column\" data-e-type=\"column\">\n\t\t\t<div class=\"elementor-widget-wrap elementor-element-populated\">\n\t\t\t\t\t\t<div class=\"elementor-element elementor-element-791c923 elementor-widget elementor-widget-text-editor\" data-id=\"791c923\" data-element_type=\"widget\" data-e-type=\"widget\" data-widget_type=\"text-editor.default\">\n\t\t\t\t<div class=\"elementor-widget-container\">\n\t\t\t\t\t\t\t\t\t<h3><span style=\"color: #000000;\"><strong>Alle Mitglieder des Vereins engagieren sich ehrenamtlich f\u00fcr alle T\u00e4tigkeiten, damit unser Projekt m\u00f6glich ist. Nur durch Sponsoren und Unterst\u00fctzer, die f\u00fcr dieses Projekt spenden kann den sozial benachteiligten Kindern und Jugendlichen aus dem SBZ Schauboden und den dazugeh\u00f6rigen Wohngruppen diese Segelwoche an der Adria erm\u00f6glicht werden, damit sie Abstand von den t\u00e4glichen Sorgen nehmen k\u00f6nnen und einfach mal das Leben genie\u00dfen. F\u00fcr die besagten Kinder und Jugendlichen ist dies stehts das Highlight des Jahres, welches sich oft auch positiv auf den weiteren Lebensweg auswirkt.<\/strong><\/span><\/h3><h3>\u00a0<\/h3><h3><span style=\"color: #000000;\"><strong>Unsere Website:\u00a0<\/strong><\/span><\/h3><h3><span style=\"color: #000000;\"><strong>https:\/\/prokind.or.at\/pk\/<\/strong><\/span><\/h3><h3>\u00a0<\/h3><h3><span style=\"color: #000000;\"><strong>Unsere Adresse lautet:<\/strong><\/span><\/h3><h3><span style=\"color: #000000;\"><strong>Verein ProKind,<\/strong><\/span><\/h3><h3><span style=\"color: #000000;\"><strong>Kapuzinerplatz 2,<\/strong><\/span><\/h3><h3><span style=\"color: #000000;\"><strong>3270 Scheibbs<\/strong><\/span><\/h3><h3>\u00a0<\/h3><h3><span style=\"color: #000000;\"><strong>Unser Vereinsobmann ist:<\/strong><\/span><\/h3><h3><span style=\"color: #000000;\"><strong>Reisenbichler Erich<\/strong><\/span><\/h3><h3><span style=\"color: #000000;\"><strong>E-Mail:\u00a0e.reisenbichler@aon.at<\/strong><\/span><\/h3>\t\t\t\t\t\t\t\t<\/div>\n\t\t\t\t<\/div>\n\t\t\t\t\t<\/div>\n\t\t<\/div>\n\t\t\t\t\t<\/div>\n\t\t<\/section>\n\t\t\t\t<\/div>\n\t\t","protected":false},"excerpt":{"rendered":"<p>\u00dcber uns: Alle Mitglieder des Vereins engagieren sich ehrenamtlich f\u00fcr alle T\u00e4tigkeiten, damit unser Projekt m\u00f6glich ist. Nur durch Sponsoren und Unterst\u00fctzer, die f\u00fcr dieses Projekt spenden kann den sozial benachteiligten Kindern und Jugendlichen aus dem SBZ Schauboden und den dazugeh\u00f6rigen Wohngruppen diese Segelwoche an der Adria erm\u00f6glicht werden, damit sie Abstand von den t\u00e4glichen [&hellip;]<\/p>\n","protected":false},"author":2,"featured_media":0,"parent":0,"menu_order":0,"comment_status":"closed","ping_status":"closed","template":"","meta":{"ocean_post_layout":"","ocean_both_sidebars_style":"","ocean_both_sidebars_content_width":0,"ocean_both_sidebars_sidebars_width":0,"ocean_sidebar":"","ocean_second_sidebar":"","ocean_disable_margins":"enable","ocean_add_body_class":"","ocean_shortcode_before_top_bar":"","ocean_shortcode_after_top_bar":"","ocean_shortcode_before_header":"","ocean_shortcode_after_header":"","ocean_has_shortcode":"","ocean_shortcode_after_title":"","ocean_shortcode_before_footer_widgets":"","ocean_shortcode_after_footer_widgets":"","ocean_shortcode_before_footer_bottom":"","ocean_shortcode_after_footer_bottom":"","ocean_display_top_bar":"default","ocean_display_header":"default","ocean_header_style":"","ocean_center_header_left_menu":"","ocean_custom_header_template":"","ocean_custom_logo":0,"ocean_custom_retina_logo":0,"ocean_custom_logo_max_width":0,"ocean_custom_logo_tablet_max_width":0,"ocean_custom_logo_mobile_max_width":0,"ocean_custom_logo_max_height":0,"ocean_custom_logo_tablet_max_height":0,"ocean_custom_logo_mobile_max_height":0,"ocean_header_custom_menu":"","ocean_menu_typo_font_family":"","ocean_menu_typo_font_subset":"","ocean_menu_typo_font_size":0,"ocean_menu_typo_font_size_tablet":0,"ocean_menu_typo_font_size_mobile":0,"ocean_menu_typo_font_size_unit":"px","ocean_menu_typo_font_weight":"","ocean_menu_typo_font_weight_tablet":"","ocean_menu_typo_font_weight_mobile":"","ocean_menu_typo_transform":"","ocean_menu_typo_transform_tablet":"","ocean_menu_typo_transform_mobile":"","ocean_menu_typo_line_height":0,"ocean_menu_typo_line_height_tablet":0,"ocean_menu_typo_line_height_mobile":0,"ocean_menu_typo_line_height_unit":"","ocean_menu_typo_spacing":0,"ocean_menu_typo_spacing_tablet":0,"ocean_menu_typo_spacing_mobile":0,"ocean_menu_typo_spacing_unit":"","ocean_menu_link_color":"","ocean_menu_link_color_hover":"","ocean_menu_link_color_active":"","ocean_menu_link_background":"","ocean_menu_link_hover_background":"","ocean_menu_link_active_background":"","ocean_menu_social_links_bg":"","ocean_menu_social_hover_links_bg":"","ocean_menu_social_links_color":"","ocean_menu_social_hover_links_color":"","ocean_disable_title":"default","ocean_disable_heading":"default","ocean_post_title":"","ocean_post_subheading":"","ocean_post_title_style":"","ocean_post_title_background_color":"","ocean_post_title_background":0,"ocean_post_title_bg_image_position":"","ocean_post_title_bg_image_attachment":"","ocean_post_title_bg_image_repeat":"","ocean_post_title_bg_image_size":"","ocean_post_title_height":0,"ocean_post_title_bg_overlay":0.5,"ocean_post_title_bg_overlay_color":"","ocean_disable_breadcrumbs":"default","ocean_breadcrumbs_color":"","ocean_breadcrumbs_separator_color":"","ocean_breadcrumbs_links_color":"","ocean_breadcrumbs_links_hover_color":"","ocean_display_footer_widgets":"default","ocean_display_footer_bottom":"default","ocean_custom_footer_template":"","footnotes":""},"class_list":["post-4159","page","type-page","status-publish","hentry","entry"],"_links":{"self":[{"href":"https:\/\/prokind.or.at\/pk\/index.php\/wp-json\/wp\/v2\/pages\/4159","targetHints":{"allow":["GET"]}}],"collection":[{"href":"https:\/\/prokind.or.at\/pk\/index.php\/wp-json\/wp\/v2\/pages"}],"about":[{"href":"https:\/\/prokind.or.at\/pk\/index.php\/wp-json\/wp\/v2\/types\/page"}],"author":[{"embeddable":true,"href":"https:\/\/prokind.or.at\/pk\/index.php\/wp-json\/wp\/v2\/users\/2"}],"replies":[{"embeddable":true,"href":"https:\/\/prokind.or.at\/pk\/index.php\/wp-json\/wp\/v2\/comments?post=4159"}],"version-history":[{"count":16,"href":"https:\/\/prokind.or.at\/pk\/index.php\/wp-json\/wp\/v2\/pages\/4159\/revisions"}],"predecessor-version":[{"id":4177,"href":"https:\/\/prokind.or.at\/pk\/index.php\/wp-json\/wp\/v2\/pages\/4159\/revisions\/4177"}],"wp:attachment":[{"href":"https:\/\/prokind.or.at\/pk\/index.php\/wp-json\/wp\/v2\/media?parent=4159"}],"curies":[{"name":"wp","href":"https:\/\/api.w.org\/{rel}","templated":true}]}}