{"id":753,"date":"2018-11-02T16:34:33","date_gmt":"2018-11-02T15:34:33","guid":{"rendered":"http:\/\/prokind.d4rc.net\/pk\/?page_id=753"},"modified":"2026-05-01T12:13:44","modified_gmt":"2026-05-01T10:13:44","slug":"sponsoring","status":"publish","type":"page","link":"https:\/\/prokind.or.at\/pk\/index.php\/sponsoring\/","title":{"rendered":"Sponsoring"},"content":{"rendered":"\t\t<div data-elementor-type=\"wp-page\" data-elementor-id=\"753\" class=\"elementor elementor-753\">\n\t\t\t\t\t\t<section class=\"elementor-section elementor-top-section elementor-element elementor-element-5d99786e elementor-section-boxed elementor-section-height-default elementor-section-height-default\" data-id=\"5d99786e\" data-element_type=\"section\" data-e-type=\"section\">\n\t\t\t\t\t\t<div class=\"elementor-container elementor-column-gap-default\">\n\t\t\t\t\t<div class=\"elementor-column elementor-col-100 elementor-top-column elementor-element elementor-element-159ba7d4\" data-id=\"159ba7d4\" data-element_type=\"column\" data-e-type=\"column\">\n\t\t\t<div class=\"elementor-widget-wrap elementor-element-populated\">\n\t\t\t\t\t\t<div class=\"elementor-element elementor-element-4e1e98bf elementor-widget elementor-widget-text-editor\" data-id=\"4e1e98bf\" data-element_type=\"widget\" data-e-type=\"widget\" data-widget_type=\"text-editor.default\">\n\t\t\t\t<div class=\"elementor-widget-container\">\n\t\t\t\t\t\t\t\t\t<h2 style=\"text-align: left;\"><strong>Sponsoring<\/strong><\/h2><h4 class=\"_\">\u00a0<\/h4><h4 id=\"spons\"><strong>\u201eJede Reis<\/strong><strong>e beginnt mit einem kleinen Schritt.\u201c<\/strong><\/h4><h4 id=\"lao\"><strong>(frei nach Lao Tze)<\/strong><\/h4><h4><strong>Ohne die gro\u00dfz\u00fcgige Unterst\u00fctzung unserer Sponsoringpartner w\u00e4re die Organisation und Finanzierung dieser Segelprojekte nicht m\u00f6glich. Unsere Sponsoringpartner leisten mit ihrem Engagement nicht nur einen wesentlichen Beitrag zur nachhaltigen Projektentwicklung, sondern zeigen damit vor allem ihre soziale Verantwortung gegen\u00fcber der Gesellschaft und helfen somit Solidarit\u00e4t und Vielfalt in der Gemeinschaft wieder zu st\u00e4rken.<\/strong><\/h4><h4 id=\"Beitrag\"><strong>Jeder Beitrag, ob Sach- oder monet\u00e4re Leistung, hilft dieses Segelabteuer f\u00fcr sozial benachteiligte Kinder zu realisieren.<\/strong><\/h4><div><h4><strong>Wir danken unseren bisherigen Sponsoren &amp; F\u00f6rderern:<\/strong><\/h4><h4>\u00a0<\/h4><h2 class=\"h6\"><strong>Sponsoring Information<\/strong><\/h2><\/div><div class=\"_\"><h2 class=\"h6\"><a href=\"http:\/\/prokind.or.at\/pk\/wp-content\/uploads\/2025\/09\/Sponsormappe-2026-1.pdf\"><span style=\"color: #000000;\">&gt;&gt;Sponsormappe 2026&lt;&lt;<\/span><\/a><\/h2><h2><span style=\"color: #000000;\">&gt;&gt;<a href=\"http:\/\/prokind.or.at\/pk\/wp-content\/uploads\/2025\/09\/Sponsorschreiben-ProKind-2026.pdf\">Sponsorschreiben ProKind 2026<\/a>&lt;&lt;<\/span><\/h2><div>\u00a0<\/div><\/div><h2 class=\"h6\"><strong>Hauptsponsoringpartner 2024\/25<\/strong><\/h2><div class=\"_\"><a href=\"http:\/\/prokind.or.at\/pk\/wp-content\/uploads\/2022\/02\/Logo-Raiffeisen-Meine-Bank-2c-positiv.png\"><img fetchpriority=\"high\" decoding=\"async\" class=\"alignnone wp-image-1353\" src=\"http:\/\/prokind.or.at\/pk\/wp-content\/uploads\/2022\/02\/Logo-Raiffeisen-Meine-Bank-2c-positiv-300x132.png\" alt=\"\" width=\"378\" height=\"166\" srcset=\"https:\/\/prokind.or.at\/pk\/wp-content\/uploads\/2022\/02\/Logo-Raiffeisen-Meine-Bank-2c-positiv-300x132.png 300w, https:\/\/prokind.or.at\/pk\/wp-content\/uploads\/2022\/02\/Logo-Raiffeisen-Meine-Bank-2c-positiv-768x338.png 768w, https:\/\/prokind.or.at\/pk\/wp-content\/uploads\/2022\/02\/Logo-Raiffeisen-Meine-Bank-2c-positiv.png 972w\" sizes=\"(max-width: 378px) 100vw, 378px\" \/><\/a><\/div><p><strong><span style=\"color: #000000;\">Raiffeisen-Holding N\u00d6-Wien<\/span><\/strong><br \/><strong><span style=\"color: #000000;\">Raiffeisenbank Mittleres Mostviertel<\/span><\/strong><\/p><p id=\"spons2\" class=\"h6\"><strong><span style=\"color: #000000;\">weitere Sponsoringpartner:<\/span><\/strong><\/p><p class=\"h6r\"><strong><span style=\"color: #000000;\">(in alphabetischer Reihenfolge)<\/span><\/strong><\/p><h4 class=\"_\">\u00a0<\/h4><h3>Privatpersonen 2024\/25:<\/h3><p><strong><span style=\"color: #000000;\">Mag. Bernleithner Beate\u00a0 (Wien)<\/span><\/strong><\/p><p><strong><span style=\"color: #000000;\">Bernold Gerhard (Frankenfels)<\/span><\/strong><\/p><p><strong><span style=\"color: #000000;\">Feichtegger Lukas (Scheibbs)<\/span><\/strong><\/p><p><strong><span style=\"color: #000000;\">Fussl Marcel und Donabauer Katharina (St.P\u00f6lten)\u00a0<\/span><\/strong><\/p><p><strong><span style=\"color: #000000;\">Graf Klaudia u. Erich (St.Leonhard am Forst)<\/span><\/strong><\/p><p><strong><span style=\"color: #000000;\">Heigl Eva &#8211; Maria (Wieselburg)<\/span><\/strong><\/p><p><span style=\"color: #000000;\"><strong>D.I. Hiesberger Christoph (Scheibbs)<\/strong><\/span><\/p><p><strong><span style=\"color: #000000;\">Kammerer Hannelore\u00a0<\/span><\/strong><\/p><p><strong><span style=\"color: #000000;\">Karl Christoph (Scheibbs)<br \/><\/span><\/strong><\/p><p><strong><span style=\"color: #000000;\">Karl Ingrid (Scheibbs)<\/span><\/strong><\/p><p><strong><span style=\"color: #000000;\">Karoh Gerhard und Christine (Randegg)<\/span><\/strong><\/p><p><strong><span style=\"color: #000000;\">Kristament Thomas.\u00a0<\/span><\/strong><\/p><p><strong><span style=\"color: #000000;\">Langsenlehner Gabriele (Gresten)<\/span><\/strong><\/p><p><strong><span style=\"color: #000000;\">M\u00fchlbacher Eva (Scheibbs)<\/span><\/strong><\/p><p><strong><span style=\"color: #000000;\">Pabst Ingrid<\/span><\/strong><\/p><p><strong><span style=\"color: #000000;\">Pfl\u00fcgl Philipp (Scheibbs)<\/span><\/strong><\/p><p><strong><span style=\"color: #000000;\">Piber Manfred (Kalwang)<\/span><\/strong><\/p><p><strong><span style=\"color: #000000;\">Pieber Angela<\/span><\/strong><\/p><p><strong><span style=\"color: #000000;\">Pitzl Reinhard (Scheibbs)<\/span><\/strong><\/p><p><strong><span style=\"color: #000000;\">Sch\u00f6nbichler Andreas (Wieselburg)<\/span><\/strong><\/p><p><span style=\"color: #000000;\"><b>Mag. Welser Andreas (Ybbsitz)<\/b><\/span><\/p><h4 class=\"sponspadding\">\u00a0<\/h4><h3><span style=\"color: #ff9900;\">Unternehmen 2024\/25:<\/span><\/h3><div class=\"sponspadding\"><p><a href=\"https:\/\/www.wittur.com\/de\/default.aspx\"><strong><span style=\"color: #000000;\">ARBR Wittur GmbH (Scheibbs)<\/span><\/strong><\/a><\/p><p><a href=\"https:\/\/www.spieldeinspiel.at\/\"><strong style=\"font-size: 14px; color: var( --e-global-color-text );\"><span style=\"color: #000000;\">Bowlingcenter Purgstall<\/span><\/strong><\/a><\/p><p><strong><span style=\"color: #000000;\"><a style=\"color: #000000;\" href=\"http:\/\/www.brunnerreisen.at\">Brunner Reisen<\/a> (Gresten) <a href=\"https:\/\/www.brunnerreisen.at\/\"><img decoding=\"async\" class=\"alignnone wp-image-1378\" src=\"http:\/\/prokind.or.at\/pk\/wp-content\/uploads\/2022\/06\/Brunner_A3-logo.jpeg\" alt=\"\" width=\"135\" height=\"95\" \/><\/a><\/span><\/strong><\/p><p><a href=\"https:\/\/www.rechtsanwalt-kies.at\/\"><strong><span style=\"color: #000000;\">Mag. Christian Kies (Scheibbs)\u00a0<\/span><\/strong><\/a><\/p><p><strong><span style=\"color: #000000;\"><a href=\"https:\/\/www.rechtsanwalt-kies.at\/\"><img decoding=\"async\" class=\"alignnone wp-image-2586\" src=\"http:\/\/prokind.or.at\/pk\/wp-content\/uploads\/2023\/04\/Visits_RA_Kies_85x55mm.jpg\" alt=\"\" width=\"161\" height=\"104\" srcset=\"https:\/\/prokind.or.at\/pk\/wp-content\/uploads\/2023\/04\/Visits_RA_Kies_85x55mm.jpg 481w, https:\/\/prokind.or.at\/pk\/wp-content\/uploads\/2023\/04\/Visits_RA_Kies_85x55mm-300x194.jpg 300w\" sizes=\"(max-width: 161px) 100vw, 161px\" \/><\/a><\/span><\/strong><\/p><p><a href=\"https:\/\/www.cewe-fotoservice.at\/fotobuch.html?cref=ref_sem_goo_-VT!40477146174!kwd-1794041675!599179622769!!c!g!801566155_7892_x&amp;gad=1&amp;gclid=CjwKCAjw9J2iBhBPEiwAErwpeQvpGaPHTzzpBez7-vHzdUWum4q-wKQCnMlpHFEd_bJvFhUPuRzDKxoCnF4QAvD_BwE\"><strong><span style=\"color: #000000;\">CEWE Fotobuch <\/span><\/strong><\/a><strong><a href=\"https:\/\/www.cewe-fotoservice.at\/fotobuch.html?cref=ref_sem_goo_-VT!40477146174!kwd-1794041675!599179622769!!c!g!801566155_7892_x&amp;gad=1&amp;gclid=CjwKCAjw9J2iBhBPEiwAErwpeQvpGaPHTzzpBez7-vHzdUWum4q-wKQCnMlpHFEd_bJvFhUPuRzDKxoCnF4QAvD_BwE\"><img loading=\"lazy\" decoding=\"async\" class=\"alignnone wp-image-1407\" src=\"http:\/\/prokind.or.at\/pk\/wp-content\/uploads\/2022\/06\/CEWE_Logo-300x126.png\" alt=\"\" width=\"171\" height=\"72\" srcset=\"https:\/\/prokind.or.at\/pk\/wp-content\/uploads\/2022\/06\/CEWE_Logo-300x126.png 300w, https:\/\/prokind.or.at\/pk\/wp-content\/uploads\/2022\/06\/CEWE_Logo-1024x429.png 1024w, https:\/\/prokind.or.at\/pk\/wp-content\/uploads\/2022\/06\/CEWE_Logo-768x322.png 768w, https:\/\/prokind.or.at\/pk\/wp-content\/uploads\/2022\/06\/CEWE_Logo-1536x644.png 1536w, https:\/\/prokind.or.at\/pk\/wp-content\/uploads\/2022\/06\/CEWE_Logo-2048x859.png 2048w\" sizes=\"(max-width: 171px) 100vw, 171px\" \/><\/a><\/strong><\/p><p><strong><span style=\"color: #000000;\">Dr. Egger Gruppenpraxis (Scheibbs)<\/span><\/strong><\/p><p><a href=\"https:\/\/www.forst-kienberg.at\/\"><strong><span style=\"color: #000000;\">Forst &amp; Liegenschaftsverwaltung (Kienberg)<\/span><\/strong><\/a><\/p><p><a href=\"https:\/\/www.forst-kienberg.at\/\"><img loading=\"lazy\" decoding=\"async\" class=\"alignnone  wp-image-5192\" src=\"http:\/\/prokind.or.at\/pk\/wp-content\/uploads\/2026\/05\/Forst-Kienberg-Final_logo.avif\" alt=\"\" width=\"157\" height=\"142\" \/><\/a><\/p><p><a href=\"https:\/\/www.unitedoptics.at\/partner\/forster\/\"><span style=\"color: #000000;\"><strong>Fortster United Optics<\/strong><\/span><\/a><\/p><p><a href=\"https:\/\/www.unitedoptics.at\/partner\/forster\/standorte\/scheibbs\/\"><img loading=\"lazy\" decoding=\"async\" class=\"alignnone wp-image-5188\" src=\"http:\/\/prokind.or.at\/pk\/wp-content\/uploads\/2026\/04\/UO_Logo_4c_FORS_quer.png\" alt=\"\" width=\"261\" height=\"41\" srcset=\"https:\/\/prokind.or.at\/pk\/wp-content\/uploads\/2026\/04\/UO_Logo_4c_FORS_quer.png 422w, https:\/\/prokind.or.at\/pk\/wp-content\/uploads\/2026\/04\/UO_Logo_4c_FORS_quer-300x47.png 300w\" sizes=\"(max-width: 261px) 100vw, 261px\" \/><\/a><\/p><p><strong><span style=\"color: #000000;\"><a style=\"color: #000000;\" href=\"https:\/\/www.josefsteiner.at\/?gclid=EAIaIQobChMIluG035zT4gIVDcqyCh3kZwmIEAAYASAAEgLQuvD_BwE\">H. und J. Steiner GmbH (Purgstall)<\/a><\/span><\/strong><\/p><p><a href=\"https:\/\/www.mcdonalds.at\/\"><strong><span style=\"color: #000000;\">Heindl GmbH (Loosdorf)<\/span><\/strong><\/a><\/p><p><strong><span style=\"color: #000000;\"><a style=\"color: #000000;\" href=\"http:\/\/www.henkel.com\">Henkel Central Eastern Europe GesmbH<\/a> (Wien)<\/span><\/strong><\/p><p><span style=\"color: #000000;\"><b>Ingenieursb\u00fcro DI Christoph Hiesberger e.U. (Scheibbs)<\/b><\/span><\/p><p><strong><span style=\"color: #000000;\">J.A.R. Sallaba\u00b4sche Stiftung<\/span><\/strong><\/p><p><a href=\"https:\/\/www.kcc.at\/\"><strong><span style=\"color: #000000;\">KCC Krammer<\/span><\/strong><\/a><\/p><p><span style=\"color: #000000;\"><strong><a style=\"color: #000000;\" href=\"https:\/\/www.noe.gv.at\/noe\/index.html\">Land N\u00d6<\/a><\/strong><\/span><\/p><\/div><div class=\"sponspadding\"><p><span style=\"color: #000000;\"><strong>LH Mag. Johanna Mikl-Leitner<\/strong><\/span><\/p><p><a href=\"https:\/\/lichtinsdunkel.org\/\"><span style=\"color: #000000;\"><strong>Licht ins Dunkle (Wien)<\/strong><\/span><\/a><\/p><p><a href=\"https:\/\/www.dielions.at\/\"><span style=\"color: #000000;\"><b>Lions Club Melk\/P\u00f6chlarn<\/b><\/span><\/a><\/p><p><span style=\"color: #000000;\"><b><a href=\"https:\/\/www.dielions.at\/\"><img loading=\"lazy\" decoding=\"async\" class=\"alignnone wp-image-2622\" src=\"http:\/\/prokind.or.at\/pk\/wp-content\/uploads\/2023\/05\/lionlogo_2c_jpg.jpg\" alt=\"\" width=\"110\" height=\"104\" srcset=\"https:\/\/prokind.or.at\/pk\/wp-content\/uploads\/2023\/05\/lionlogo_2c_jpg.jpg 900w, https:\/\/prokind.or.at\/pk\/wp-content\/uploads\/2023\/05\/lionlogo_2c_jpg-300x284.jpg 300w, https:\/\/prokind.or.at\/pk\/wp-content\/uploads\/2023\/05\/lionlogo_2c_jpg-768x727.jpg 768w\" sizes=\"(max-width: 110px) 100vw, 110px\" \/><\/a>\u00a0<\/b><\/span><\/p><p><strong><span style=\"color: #000000;\">Lions Club Wieselburg (Scheibbs)<\/span><\/strong><\/p><p><a href=\"https:\/\/www.physioinstitut.at\/scheibbs\/index.html\"><strong><span style=\"color: #000000;\">Meta Scheibbs GmbH (Scheibbs)<\/span><\/strong><\/a><\/p><p><strong><span style=\"color: #000000;\">\u00d6AAB Ortsgruppe Gresten (Obmann Weinmesser Markus)\u00a0<\/span><\/strong><\/p><p><span style=\"color: #000000;\"><strong><a style=\"color: #000000;\" href=\"https:\/\/oit.at\/\">OIT Wondraczek (Krems)<\/a><\/strong><strong>\u00a0<\/strong><\/span><\/p><p><a href=\"https:\/\/www.wellnessbad.at\/de\/kontakt\"><strong><span style=\"color: #000000;\">Ondrusek GmbH <\/span><\/strong><strong><span style=\"color: #000000;\">\u00a0(Scheibbs)<\/span><\/strong><\/a><\/p><p><span style=\"color: #000000;\"><b>\u00d6VP Stadtparteileitung Obmann Aigner Franz (Scheibbs)<\/b><\/span><\/p><p><strong><span style=\"color: #000000;\">Peter Steiner GmbH<\/span><\/strong><\/p><p><strong><span style=\"color: #000000;\">Pfarre Loosdorf (Loosdorf)<\/span><\/strong><\/p><p><a href=\"https:\/\/ps-lechner.at\/\"><strong><span style=\"color: #000000;\">PSL Lechner (Wieselburg)<\/span><\/strong><\/a><\/p><p><a href=\"https:\/\/www.raiffeisenholding.com\/\"><strong><span style=\"color: #000000;\">Raiffeisen &#8211; Holding N\u00d6\/ Wien<\/span><\/strong><\/a><\/p><p><a href=\"https:\/\/www.raiffeisen.at\/noew\/mittleres-mostviertel\/de\/meine-bank.html\"><strong><span style=\"color: #000000;\">Raiffeisenbank Mittleres Mostviertel (Wieselburg)<\/span><\/strong><\/a><\/p><p><a href=\"https:\/\/www.raiffeisen.at\/noew\/mittleres-mostviertel\/de\/meine-bank.html\"><img loading=\"lazy\" decoding=\"async\" class=\"alignnone wp-image-1353\" src=\"http:\/\/prokind.or.at\/pk\/wp-content\/uploads\/2022\/02\/Logo-Raiffeisen-Meine-Bank-2c-positiv-300x132.png\" alt=\"\" width=\"250\" height=\"110\" srcset=\"https:\/\/prokind.or.at\/pk\/wp-content\/uploads\/2022\/02\/Logo-Raiffeisen-Meine-Bank-2c-positiv-300x132.png 300w, https:\/\/prokind.or.at\/pk\/wp-content\/uploads\/2022\/02\/Logo-Raiffeisen-Meine-Bank-2c-positiv-768x338.png 768w, https:\/\/prokind.or.at\/pk\/wp-content\/uploads\/2022\/02\/Logo-Raiffeisen-Meine-Bank-2c-positiv.png 972w\" sizes=\"(max-width: 250px) 100vw, 250px\" \/><\/a><\/p><p><a href=\"https:\/\/www.riveg.com\/\"><strong><span style=\"color: #000000;\">RIVEG Versicherungstreuhand GmbH (Scheibbs)\u00a0<\/span><\/strong><\/a><\/p><p><a href=\"https:\/\/www.riveg.com\/\"><img loading=\"lazy\" decoding=\"async\" class=\"alignnone wp-image-4227\" src=\"http:\/\/prokind.or.at\/pk\/wp-content\/uploads\/2025\/01\/Logo-RIVEG-300x50.png\" alt=\"\" width=\"197\" height=\"33\" srcset=\"https:\/\/prokind.or.at\/pk\/wp-content\/uploads\/2025\/01\/Logo-RIVEG-300x50.png 300w, https:\/\/prokind.or.at\/pk\/wp-content\/uploads\/2025\/01\/Logo-RIVEG-1024x171.png 1024w, https:\/\/prokind.or.at\/pk\/wp-content\/uploads\/2025\/01\/Logo-RIVEG-768x129.png 768w, https:\/\/prokind.or.at\/pk\/wp-content\/uploads\/2025\/01\/Logo-RIVEG-1536x257.png 1536w, https:\/\/prokind.or.at\/pk\/wp-content\/uploads\/2025\/01\/Logo-RIVEG-2048x343.png 2048w\" sizes=\"(max-width: 197px) 100vw, 197px\" \/><\/a><\/p><p><a href=\"https:\/\/www.spar.at\/standorte\/spar-gresten-3264-unterer-markt-18\"><strong><span style=\"color: #000000;\">Spar Prauchner (Gresten)<\/span><\/strong><\/a><\/p><p><a href=\"https:\/\/www.spar.at\/standorte\/spar-gresten-3264-unterer-markt-18\"><img loading=\"lazy\" decoding=\"async\" class=\"alignnone wp-image-3584 size-full\" src=\"http:\/\/prokind.or.at\/pk\/wp-content\/uploads\/2024\/06\/Download-1.png\" alt=\"\" width=\"259\" height=\"88\" \/><\/a><\/p><p><strong><span style=\"color: #000000;\"><a style=\"color: #000000;\" href=\"https:\/\/www.karriere.at\/f\/spar-%C3%B6sterr-warenhandels-zentrale-st-p%C3%B6lten\">SPAR \u00d6sterr. Warenhandels AG (St. P\u00f6lten)<\/a><\/span><\/strong><\/p><p><span style=\"color: #000000;\"><b>Sparkasse Scheibbs AG<\/b><\/span><\/p><\/div><div>\u00a0<\/div><div><span style=\"color: #000000;\"><b>Sparkasse Scheibbs Privatstiftung\u00a0<\/b><\/span><\/div><div class=\"sponspadding\"><p><strong><span style=\"color: #000000;\"><a style=\"color: #000000;\" href=\"https:\/\/www.koeninger.at\/\">Steuerberatung Dr. Andreas K\u00f6ninger (Wien)<\/a><\/span><\/strong><\/p><p><strong><span style=\"color: #000000;\"><a style=\"color: #000000;\" href=\"https:\/\/www.weichberger.at\/Sortiment\/Reifen?gclid=Cj0KCQjwr82iBhCuARIsAO0EAZwnsrP4scpsIix_pgVaJRywcR3DhzfIUSi1qGCgPxn7-Z1YTXelYSoaAroGEALw_wcB\">Weichberger (Scheibbs)<\/a>\u00a0<\/span><\/strong><\/p><h2><strong><a href=\"https:\/\/www.weichberger.at\/Sortiment\/Reifen?gclid=Cj0KCQjwr82iBhCuARIsAO0EAZwnsrP4scpsIix_pgVaJRywcR3DhzfIUSi1qGCgPxn7-Z1YTXelYSoaAroGEALw_wcB\"><img loading=\"lazy\" decoding=\"async\" class=\"alignnone wp-image-2613\" src=\"http:\/\/prokind.or.at\/pk\/wp-content\/uploads\/2023\/05\/Weichberger_Logo_hoch.jpg\" alt=\"\" width=\"159\" height=\"112\" srcset=\"https:\/\/prokind.or.at\/pk\/wp-content\/uploads\/2023\/05\/Weichberger_Logo_hoch.jpg 2480w, https:\/\/prokind.or.at\/pk\/wp-content\/uploads\/2023\/05\/Weichberger_Logo_hoch-300x211.jpg 300w, https:\/\/prokind.or.at\/pk\/wp-content\/uploads\/2023\/05\/Weichberger_Logo_hoch-1024x722.jpg 1024w, https:\/\/prokind.or.at\/pk\/wp-content\/uploads\/2023\/05\/Weichberger_Logo_hoch-768x541.jpg 768w, https:\/\/prokind.or.at\/pk\/wp-content\/uploads\/2023\/05\/Weichberger_Logo_hoch-1536x1083.jpg 1536w, https:\/\/prokind.or.at\/pk\/wp-content\/uploads\/2023\/05\/Weichberger_Logo_hoch-2048x1444.jpg 2048w\" sizes=\"(max-width: 159px) 100vw, 159px\" \/><\/a><\/strong><\/h2><p><a href=\"https:\/\/www.welser.com\/\"><span style=\"color: #000000;\"><b>Welser Profile (Ybbsitz)<\/b><\/span><\/a><\/p><p><a href=\"https:\/\/www.werbehof.at\/about-us\/\"><span style=\"color: #000000;\"><b>Werbehof (Ferschnitz)<\/b><\/span><\/a><\/p><p><span style=\"color: #000000;\"><b>Wiener St\u00e4dtische Versicherung AG (St.P\u00f6lten)<\/b><\/span><\/p><p><span style=\"color: #000000;\"><b>Betriebsratsvorsitzender Fa. Worthington Schuhleitner Franz<\/b><\/span><\/p><p><strong><span style=\"color: #000000;\">\u00a0<\/span><\/strong><\/p><\/div>\t\t\t\t\t\t\t\t<\/div>\n\t\t\t\t<\/div>\n\t\t\t\t\t<\/div>\n\t\t<\/div>\n\t\t\t\t\t<\/div>\n\t\t<\/section>\n\t\t\t\t<\/div>\n\t\t","protected":false},"excerpt":{"rendered":"<p>Sponsoring \u00a0 \u201eJede Reise beginnt mit einem kleinen Schritt.\u201c (frei nach Lao Tze) Ohne die gro\u00dfz\u00fcgige Unterst\u00fctzung unserer Sponsoringpartner w\u00e4re die Organisation und Finanzierung dieser Segelprojekte nicht m\u00f6glich. Unsere Sponsoringpartner leisten mit ihrem Engagement nicht nur einen wesentlichen Beitrag zur nachhaltigen Projektentwicklung, sondern zeigen damit vor allem ihre soziale Verantwortung gegen\u00fcber der Gesellschaft und helfen [&hellip;]<\/p>\n","protected":false},"author":2,"featured_media":0,"parent":0,"menu_order":0,"comment_status":"closed","ping_status":"closed","template":"","meta":{"ocean_post_layout":"","ocean_both_sidebars_style":"","ocean_both_sidebars_content_width":0,"ocean_both_sidebars_sidebars_width":0,"ocean_sidebar":"0","ocean_second_sidebar":"0","ocean_disable_margins":"enable","ocean_add_body_class":"","ocean_shortcode_before_top_bar":"","ocean_shortcode_after_top_bar":"","ocean_shortcode_before_header":"","ocean_shortcode_after_header":"","ocean_has_shortcode":"","ocean_shortcode_after_title":"","ocean_shortcode_before_footer_widgets":"","ocean_shortcode_after_footer_widgets":"","ocean_shortcode_before_footer_bottom":"","ocean_shortcode_after_footer_bottom":"","ocean_display_top_bar":"default","ocean_display_header":"default","ocean_header_style":"","ocean_center_header_left_menu":"0","ocean_custom_header_template":"0","ocean_custom_logo":0,"ocean_custom_retina_logo":0,"ocean_custom_logo_max_width":0,"ocean_custom_logo_tablet_max_width":0,"ocean_custom_logo_mobile_max_width":0,"ocean_custom_logo_max_height":0,"ocean_custom_logo_tablet_max_height":0,"ocean_custom_logo_mobile_max_height":0,"ocean_header_custom_menu":"0","ocean_menu_typo_font_family":"0","ocean_menu_typo_font_subset":"","ocean_menu_typo_font_size":0,"ocean_menu_typo_font_size_tablet":0,"ocean_menu_typo_font_size_mobile":0,"ocean_menu_typo_font_size_unit":"px","ocean_menu_typo_font_weight":"","ocean_menu_typo_font_weight_tablet":"","ocean_menu_typo_font_weight_mobile":"","ocean_menu_typo_transform":"","ocean_menu_typo_transform_tablet":"","ocean_menu_typo_transform_mobile":"","ocean_menu_typo_line_height":0,"ocean_menu_typo_line_height_tablet":0,"ocean_menu_typo_line_height_mobile":0,"ocean_menu_typo_line_height_unit":"","ocean_menu_typo_spacing":0,"ocean_menu_typo_spacing_tablet":0,"ocean_menu_typo_spacing_mobile":0,"ocean_menu_typo_spacing_unit":"","ocean_menu_link_color":"","ocean_menu_link_color_hover":"","ocean_menu_link_color_active":"","ocean_menu_link_background":"","ocean_menu_link_hover_background":"","ocean_menu_link_active_background":"","ocean_menu_social_links_bg":"","ocean_menu_social_hover_links_bg":"","ocean_menu_social_links_color":"","ocean_menu_social_hover_links_color":"","ocean_disable_title":"default","ocean_disable_heading":"default","ocean_post_title":"","ocean_post_subheading":"","ocean_post_title_style":"","ocean_post_title_background_color":"","ocean_post_title_background":0,"ocean_post_title_bg_image_position":"","ocean_post_title_bg_image_attachment":"","ocean_post_title_bg_image_repeat":"","ocean_post_title_bg_image_size":"","ocean_post_title_height":0,"ocean_post_title_bg_overlay":0.5,"ocean_post_title_bg_overlay_color":"","ocean_disable_breadcrumbs":"default","ocean_breadcrumbs_color":"","ocean_breadcrumbs_separator_color":"","ocean_breadcrumbs_links_color":"","ocean_breadcrumbs_links_hover_color":"","ocean_display_footer_widgets":"default","ocean_display_footer_bottom":"default","ocean_custom_footer_template":"0","footnotes":""},"class_list":["post-753","page","type-page","status-publish","hentry","entry"],"_links":{"self":[{"href":"https:\/\/prokind.or.at\/pk\/index.php\/wp-json\/wp\/v2\/pages\/753","targetHints":{"allow":["GET"]}}],"collection":[{"href":"https:\/\/prokind.or.at\/pk\/index.php\/wp-json\/wp\/v2\/pages"}],"about":[{"href":"https:\/\/prokind.or.at\/pk\/index.php\/wp-json\/wp\/v2\/types\/page"}],"author":[{"embeddable":true,"href":"https:\/\/prokind.or.at\/pk\/index.php\/wp-json\/wp\/v2\/users\/2"}],"replies":[{"embeddable":true,"href":"https:\/\/prokind.or.at\/pk\/index.php\/wp-json\/wp\/v2\/comments?post=753"}],"version-history":[{"count":286,"href":"https:\/\/prokind.or.at\/pk\/index.php\/wp-json\/wp\/v2\/pages\/753\/revisions"}],"predecessor-version":[{"id":5195,"href":"https:\/\/prokind.or.at\/pk\/index.php\/wp-json\/wp\/v2\/pages\/753\/revisions\/5195"}],"wp:attachment":[{"href":"https:\/\/prokind.or.at\/pk\/index.php\/wp-json\/wp\/v2\/media?parent=753"}],"curies":[{"name":"wp","href":"https:\/\/api.w.org\/{rel}","templated":true}]}}